{"id":2,"date":"2025-07-22T14:22:16","date_gmt":"2025-07-22T14:22:16","guid":{"rendered":"https:\/\/lagunkoraholkularitza.rkinformatika.online\/?page_id=2"},"modified":"2025-08-01T08:44:01","modified_gmt":"2025-08-01T08:44:01","slug":"hasiera","status":"publish","type":"page","link":"https:\/\/lagunkoraholkularitza.com\/es\/","title":{"rendered":"Inicio"},"content":{"rendered":"<div data-elementor-type=\"wp-page\" data-elementor-id=\"2\" class=\"elementor elementor-2\" data-elementor-post-type=\"page\">\n\t\t\t\t\t\t<section class=\"elementor-section elementor-top-section elementor-element elementor-element-2697269 elementor-section-full_width elementor-section-height-default elementor-section-height-default\" data-id=\"2697269\" data-element_type=\"section\" data-e-type=\"section\" data-settings=\"{&quot;background_background&quot;:&quot;classic&quot;}\">\n\t\t\t\t\t\t\t<div class=\"elementor-background-overlay\"><\/div>\n\t\t\t\t\t\t\t<div class=\"elementor-container elementor-column-gap-default\">\n\t\t\t\t\t<div class=\"elementor-column elementor-col-100 elementor-top-column elementor-element elementor-element-3dc43a5\" data-id=\"3dc43a5\" data-element_type=\"column\" data-e-type=\"column\">\n\t\t\t<div class=\"elementor-widget-wrap elementor-element-populated\">\n\t\t\t\t\t\t<div class=\"elementor-element elementor-element-2ee07c6 elementor-invisible elementor-widget elementor-widget-heading\" data-id=\"2ee07c6\" data-element_type=\"widget\" data-e-type=\"widget\" data-settings=\"{&quot;_animation&quot;:&quot;slideInDown&quot;}\" data-widget_type=\"heading.default\">\n\t\t\t\t\t<h2 class=\"elementor-heading-title elementor-size-default\">Inmobiliaria- Consultor\u00eda - Administraci\u00f3n de Fincas<\/h2>\t\t\t\t<\/div>\n\t\t\t\t<div class=\"elementor-element elementor-element-7506f0c elementor-align-center elementor-invisible elementor-widget elementor-widget-button\" data-id=\"7506f0c\" data-element_type=\"widget\" data-e-type=\"widget\" data-settings=\"{&quot;_animation&quot;:&quot;slideInDown&quot;}\" data-widget_type=\"button.default\">\n\t\t\t\t\t\t\t\t\t\t<a class=\"elementor-button elementor-button-link elementor-size-sm elementor-animation-float\" href=\"https:\/\/lagunkoraholkularitza.com\/es\/zerbitzuak\/\">\n\t\t\t\t\t\t<span class=\"elementor-button-content-wrapper\">\n\t\t\t\t\t\t\t\t\t<span class=\"elementor-button-text\">Ver Servicios<\/span>\n\t\t\t\t\t<\/span>\n\t\t\t\t\t<\/a>\n\t\t\t\t\t\t\t\t<\/div>\n\t\t\t\t\t<\/div>\n\t\t<\/div>\n\t\t\t\t\t<\/div>\n\t\t<\/section>\n\t\t<div class=\"elementor-element elementor-element-b13be52 e-flex e-con-boxed e-con e-parent\" data-id=\"b13be52\" data-element_type=\"container\" data-e-type=\"container\">\n\t\t\t\t\t<div class=\"e-con-inner\">\n\t\t<div class=\"elementor-element elementor-element-5a8cadd e-con-full e-flex e-con e-child\" data-id=\"5a8cadd\" data-element_type=\"container\" data-e-type=\"container\">\n\t\t\t\t<div class=\"elementor-element elementor-element-69de11a elementor-invisible elementor-widget elementor-widget-heading\" data-id=\"69de11a\" data-element_type=\"widget\" data-e-type=\"widget\" data-settings=\"{&quot;_animation&quot;:&quot;fadeIn&quot;,&quot;_animation_delay&quot;:100}\" data-widget_type=\"heading.default\">\n\t\t\t\t\t<h2 class=\"elementor-heading-title elementor-size-default\">Sobre Nosotros<\/h2>\t\t\t\t<\/div>\n\t\t\t\t<div class=\"elementor-element elementor-element-a3e1cab elementor-widget elementor-widget-text-editor\" data-id=\"a3e1cab\" data-element_type=\"widget\" data-e-type=\"widget\" data-widget_type=\"text-editor.default\">\n\t\t\t\t\t\t\t\t\t<p data-start=\"152\" data-end=\"443\"><em data-start=\"152\" data-end=\"443\">Hace ahora treinta a\u00f1os, Amaia empez\u00f3 a trabajar como asesora. Con el paso del tiempo, el negocio se fue expandiendo, incluyendo el sector inmobiliario y la gesti\u00f3n de fincas. Hoy, desde que empez\u00f3 en solitario, ha llegado a formar todo un equipo que ofrece estos tres servicios.<\/em><\/p><p data-start=\"445\" data-end=\"562\" data-is-last-node=\"\" data-is-only-node=\"\">Si quieres un estilo informal, m\u00e1s t\u00e9cnico o de marketing orientado, puedo adaptarlo. D\u00edgame para qu\u00e9 contexto.<\/p>\t\t\t\t\t\t\t\t<\/div>\n\t\t\t\t<\/div>\n\t\t<div class=\"elementor-element elementor-element-7baae52 e-con-full e-flex e-con e-child\" data-id=\"7baae52\" data-element_type=\"container\" data-e-type=\"container\">\n\t\t\t\t<div class=\"elementor-element elementor-element-c645db9 elementor-widget elementor-widget-image\" data-id=\"c645db9\" data-element_type=\"widget\" data-e-type=\"widget\" data-widget_type=\"image.default\">\n\t\t\t\t\t\t\t\t\t\t\t\t\t\t\t<img fetchpriority=\"high\" decoding=\"async\" width=\"1500\" height=\"1000\" src=\"https:\/\/lagunkoraholkularitza.com\/wp-content\/uploads\/2025\/07\/1122.jpg\" class=\"attachment-full size-full wp-image-109\" alt=\"\" srcset=\"https:\/\/lagunkoraholkularitza.com\/wp-content\/uploads\/2025\/07\/1122.jpg 1500w, https:\/\/lagunkoraholkularitza.com\/wp-content\/uploads\/2025\/07\/1122-300x200.jpg 300w, https:\/\/lagunkoraholkularitza.com\/wp-content\/uploads\/2025\/07\/1122-1024x683.jpg 1024w, https:\/\/lagunkoraholkularitza.com\/wp-content\/uploads\/2025\/07\/1122-768x512.jpg 768w, https:\/\/lagunkoraholkularitza.com\/wp-content\/uploads\/2025\/07\/1122-18x12.jpg 18w\" sizes=\"(max-width: 1500px) 100vw, 1500px\" \/>\t\t\t\t\t\t\t\t\t\t\t\t\t\t\t<\/div>\n\t\t\t\t<\/div>\n\t\t\t\t\t<\/div>\n\t\t\t\t<\/div>\n\t\t<div class=\"elementor-element elementor-element-58dd766 e-con-full e-flex e-con e-parent\" data-id=\"58dd766\" data-element_type=\"container\" data-e-type=\"container\" data-settings=\"{&quot;background_background&quot;:&quot;classic&quot;}\">\n\t\t\t\t<div class=\"elementor-element elementor-element-b1adcdc elementor-invisible elementor-widget elementor-widget-heading\" data-id=\"b1adcdc\" data-element_type=\"widget\" data-e-type=\"widget\" data-settings=\"{&quot;_animation&quot;:&quot;slideInDown&quot;}\" data-widget_type=\"heading.default\">\n\t\t\t\t\t<h2 class=\"elementor-heading-title elementor-size-default\">Nuestro equipo de asesores siempre est\u00e1 dispuesto a estar al lado de los clientes y ayudarles.<\/h2>\t\t\t\t<\/div>\n\t\t\t\t<div class=\"elementor-element elementor-element-cb35642 elementor-align-center elementor-invisible elementor-widget elementor-widget-button\" data-id=\"cb35642\" data-element_type=\"widget\" data-e-type=\"widget\" data-settings=\"{&quot;_animation&quot;:&quot;slideInDown&quot;}\" data-widget_type=\"button.default\">\n\t\t\t\t\t\t\t\t\t\t<a class=\"elementor-button elementor-button-link elementor-size-sm elementor-animation-float\" href=\"https:\/\/lagunkoraholkularitza.com\/es\/zerbitzuak\/\">\n\t\t\t\t\t\t<span class=\"elementor-button-content-wrapper\">\n\t\t\t\t\t\t\t\t\t<span class=\"elementor-button-text\">Ver Servicios<\/span>\n\t\t\t\t\t<\/span>\n\t\t\t\t\t<\/a>\n\t\t\t\t\t\t\t\t<\/div>\n\t\t\t\t<\/div>\n\t\t\t\t<section class=\"elementor-section elementor-top-section elementor-element elementor-element-b93f04e elementor-section-boxed elementor-section-height-default elementor-section-height-default elementor-invisible\" data-id=\"b93f04e\" data-element_type=\"section\" data-e-type=\"section\" data-settings=\"{&quot;animation&quot;:&quot;swing&quot;}\">\n\t\t\t\t\t\t<div class=\"elementor-container elementor-column-gap-default\">\n\t\t\t\t\t<div class=\"elementor-column elementor-col-50 elementor-top-column elementor-element elementor-element-bb7f572\" data-id=\"bb7f572\" data-element_type=\"column\" data-e-type=\"column\">\n\t\t\t<div class=\"elementor-widget-wrap elementor-element-populated\">\n\t\t\t\t\t\t<div class=\"elementor-element elementor-element-9ce1a13 elementor-invisible elementor-widget elementor-widget-heading\" data-id=\"9ce1a13\" data-element_type=\"widget\" data-e-type=\"widget\" data-settings=\"{&quot;_animation&quot;:&quot;fadeIn&quot;,&quot;_animation_delay&quot;:100}\" data-widget_type=\"heading.default\">\n\t\t\t\t\t<h2 class=\"elementor-heading-title elementor-size-default\">Lagunkor ofrece actualmente los siguientes servicios:<\/h2>\t\t\t\t<\/div>\n\t\t<div class=\"elementor-element elementor-element-951e836 e-flex e-con-boxed e-con e-parent\" data-id=\"951e836\" data-element_type=\"container\" data-e-type=\"container\">\n\t\t\t\t\t<div class=\"e-con-inner\">\n\t\t\t\t<div class=\"elementor-element elementor-element-9dc1032 elementor-position-inline-start elementor-view-default elementor-mobile-position-block-start elementor-widget elementor-widget-icon-box\" data-id=\"9dc1032\" data-element_type=\"widget\" data-e-type=\"widget\" data-widget_type=\"icon-box.default\">\n\t\t\t\t\t\t\t<div class=\"elementor-icon-box-wrapper\">\n\n\t\t\t\t\t\t<div class=\"elementor-icon-box-icon\">\n\t\t\t\t<span  class=\"elementor-icon elementor-animation-float\">\n\t\t\t\t<svg aria-hidden=\"true\" class=\"e-font-icon-svg e-fas-arrow-right\" viewbox=\"0 0 448 512\" xmlns=\"http:\/\/www.w3.org\/2000\/svg\"><path d=\"M190.5 66.9l22.2-22.2c9.4-9.4 24.6-9.4 33.9 0L441 239c9.4 9.4 9.4 24.6 0 33.9L246.6 467.3c-9.4 9.4-24.6 9.4-33.9 0l-22.2-22.2c-9.5-9.5-9.3-25 .4-34.3L311.4 296H24c-13.3 0-24-10.7-24-24v-32c0-13.3 10.7-24 24-24h287.4L190.9 101.2c-9.8-9.3-10-24.8-.4-34.3z\"><\/path><\/svg>\t\t\t\t<\/span>\n\t\t\t<\/div>\n\t\t\t\n\t\t\t\t\t\t<div class=\"elementor-icon-box-content\">\n\n\t\t\t\t\t\t\t\t\t<h3 class=\"elementor-icon-box-title\">\n\t\t\t\t\t\t<span  >\n\t\t\t\t\t\t\tAsesoramiento\t\t\t\t\t\t<\/span>\n\t\t\t\t\t<\/h3>\n\t\t\t\t\n\t\t\t\t\n\t\t\t<\/div>\n\t\t\t\n\t\t<\/div>\n\t\t\t\t\t\t<\/div>\n\t\t\t\t<div class=\"elementor-element elementor-element-1eb8e62 elementor-position-inline-start elementor-view-default elementor-mobile-position-block-start elementor-widget elementor-widget-icon-box\" data-id=\"1eb8e62\" data-element_type=\"widget\" data-e-type=\"widget\" data-widget_type=\"icon-box.default\">\n\t\t\t\t\t\t\t<div class=\"elementor-icon-box-wrapper\">\n\n\t\t\t\t\t\t<div class=\"elementor-icon-box-icon\">\n\t\t\t\t<span  class=\"elementor-icon elementor-animation-float\">\n\t\t\t\t<svg aria-hidden=\"true\" class=\"e-font-icon-svg e-fas-arrow-right\" viewbox=\"0 0 448 512\" xmlns=\"http:\/\/www.w3.org\/2000\/svg\"><path d=\"M190.5 66.9l22.2-22.2c9.4-9.4 24.6-9.4 33.9 0L441 239c9.4 9.4 9.4 24.6 0 33.9L246.6 467.3c-9.4 9.4-24.6 9.4-33.9 0l-22.2-22.2c-9.5-9.5-9.3-25 .4-34.3L311.4 296H24c-13.3 0-24-10.7-24-24v-32c0-13.3 10.7-24 24-24h287.4L190.9 101.2c-9.8-9.3-10-24.8-.4-34.3z\"><\/path><\/svg>\t\t\t\t<\/span>\n\t\t\t<\/div>\n\t\t\t\n\t\t\t\t\t\t<div class=\"elementor-icon-box-content\">\n\n\t\t\t\t\t\t\t\t\t<h3 class=\"elementor-icon-box-title\">\n\t\t\t\t\t\t<span  >\n\t\t\t\t\t\t\tInmobiliaria\t\t\t\t\t\t<\/span>\n\t\t\t\t\t<\/h3>\n\t\t\t\t\n\t\t\t\t\n\t\t\t<\/div>\n\t\t\t\n\t\t<\/div>\n\t\t\t\t\t\t<\/div>\n\t\t\t\t<div class=\"elementor-element elementor-element-867ad00 elementor-position-inline-start elementor-view-default elementor-mobile-position-block-start elementor-widget elementor-widget-icon-box\" data-id=\"867ad00\" data-element_type=\"widget\" data-e-type=\"widget\" data-widget_type=\"icon-box.default\">\n\t\t\t\t\t\t\t<div class=\"elementor-icon-box-wrapper\">\n\n\t\t\t\t\t\t<div class=\"elementor-icon-box-icon\">\n\t\t\t\t<span  class=\"elementor-icon elementor-animation-float\">\n\t\t\t\t<svg aria-hidden=\"true\" class=\"e-font-icon-svg e-fas-arrow-right\" viewbox=\"0 0 448 512\" xmlns=\"http:\/\/www.w3.org\/2000\/svg\"><path d=\"M190.5 66.9l22.2-22.2c9.4-9.4 24.6-9.4 33.9 0L441 239c9.4 9.4 9.4 24.6 0 33.9L246.6 467.3c-9.4 9.4-24.6 9.4-33.9 0l-22.2-22.2c-9.5-9.5-9.3-25 .4-34.3L311.4 296H24c-13.3 0-24-10.7-24-24v-32c0-13.3 10.7-24 24-24h287.4L190.9 101.2c-9.8-9.3-10-24.8-.4-34.3z\"><\/path><\/svg>\t\t\t\t<\/span>\n\t\t\t<\/div>\n\t\t\t\n\t\t\t\t\t\t<div class=\"elementor-icon-box-content\">\n\n\t\t\t\t\t\t\t\t\t<h3 class=\"elementor-icon-box-title\">\n\t\t\t\t\t\t<span  >\n\t\t\t\t\t\t\tGesti\u00f3n de fincas\t\t\t\t\t\t<\/span>\n\t\t\t\t\t<\/h3>\n\t\t\t\t\n\t\t\t\t\n\t\t\t<\/div>\n\t\t\t\n\t\t<\/div>\n\t\t\t\t\t\t<\/div>\n\t\t\t\t\t<\/div>\n\t\t\t\t<\/div>\n\t\t\t\t\t<\/div>\n\t\t<\/div>\n\t\t\t\t<div class=\"elementor-column elementor-col-50 elementor-top-column elementor-element elementor-element-2846af6\" data-id=\"2846af6\" data-element_type=\"column\" data-e-type=\"column\">\n\t\t\t<div class=\"elementor-widget-wrap elementor-element-populated\">\n\t\t\t\t\t\t<div class=\"elementor-element elementor-element-5fa603e elementor-widget elementor-widget-image\" data-id=\"5fa603e\" data-element_type=\"widget\" data-e-type=\"widget\" data-widget_type=\"image.default\">\n\t\t\t\t\t\t\t\t\t\t\t\t\t\t\t<img decoding=\"async\" width=\"1000\" height=\"668\" src=\"https:\/\/lagunkoraholkularitza.com\/wp-content\/uploads\/2025\/07\/42.jpg\" class=\"attachment-full size-full wp-image-111\" alt=\"\" srcset=\"https:\/\/lagunkoraholkularitza.com\/wp-content\/uploads\/2025\/07\/42.jpg 1000w, https:\/\/lagunkoraholkularitza.com\/wp-content\/uploads\/2025\/07\/42-300x200.jpg 300w, https:\/\/lagunkoraholkularitza.com\/wp-content\/uploads\/2025\/07\/42-768x513.jpg 768w, https:\/\/lagunkoraholkularitza.com\/wp-content\/uploads\/2025\/07\/42-18x12.jpg 18w\" sizes=\"(max-width: 1000px) 100vw, 1000px\" \/>\t\t\t\t\t\t\t\t\t\t\t\t\t\t\t<\/div>\n\t\t\t\t\t<\/div>\n\t\t<\/div>\n\t\t\t\t\t<\/div>\n\t\t<\/section>\n\t\t\t\t<\/div>","protected":false},"excerpt":{"rendered":"<p>Inmobiliaria- Aholkularitza- Finka Administrazioa Ikusi Zerbitzuak Guri Buruz Orain dela hogeita hamar urte, Amaia aholkulari gisa lan egiten hasi zen. Denborak aurrera egin ahala, negozioa hedatuz joan zen, higiezinen sektorea eta finken kudeaketa barne hartuz. Gaur egun, bakarka hasi zenetik, hiru zerbitzu hauek eskaintzen dituen talde oso bat osatzera iritsi da. Nahi baduzu estilo informala, [&hellip;]<\/p>\n","protected":false},"author":1,"featured_media":0,"parent":0,"menu_order":0,"comment_status":"closed","ping_status":"closed","template":"elementor_canvas","meta":{"footnotes":""},"class_list":["post-2","page","type-page","status-publish","hentry"],"yoast_head":"<!-- This site is optimized with the Yoast SEO plugin v27.3 - https:\/\/yoast.com\/product\/yoast-seo-wordpress\/ -->\n<title>Hasiera - Lagunkor Aholkularitza<\/title>\n<meta name=\"robots\" content=\"index, follow, max-snippet:-1, max-image-preview:large, max-video-preview:-1\" \/>\n<link rel=\"canonical\" href=\"https:\/\/lagunkoraholkularitza.com\/es\/\" \/>\n<meta property=\"og:locale\" content=\"es_ES\" \/>\n<meta property=\"og:type\" content=\"article\" \/>\n<meta property=\"og:title\" content=\"Hasiera - Lagunkor Aholkularitza\" \/>\n<meta property=\"og:description\" content=\"Inmobiliaria- Aholkularitza- Finka Administrazioa Ikusi Zerbitzuak Guri Buruz Orain dela hogeita hamar urte, Amaia aholkulari gisa lan egiten hasi zen. Denborak aurrera egin ahala, negozioa hedatuz joan zen, higiezinen sektorea eta finken kudeaketa barne hartuz. Gaur egun, bakarka hasi zenetik, hiru zerbitzu hauek eskaintzen dituen talde oso bat osatzera iritsi da. Nahi baduzu estilo informala, [&hellip;]\" \/>\n<meta property=\"og:url\" content=\"https:\/\/lagunkoraholkularitza.com\/es\/\" \/>\n<meta property=\"og:site_name\" content=\"Lagunkor Aholkularitza\" \/>\n<meta property=\"article:modified_time\" content=\"2025-08-01T08:44:01+00:00\" \/>\n<meta property=\"og:image\" content=\"https:\/\/lagunkoraholkularitza.com\/wp-content\/uploads\/2025\/07\/1122.jpg\" \/>\n<meta name=\"twitter:card\" content=\"summary_large_image\" \/>\n<meta name=\"twitter:label1\" content=\"Tiempo de lectura\" \/>\n\t<meta name=\"twitter:data1\" content=\"1 minuto\" \/>\n<script type=\"application\/ld+json\" class=\"yoast-schema-graph\">{\"@context\":\"https:\\\/\\\/schema.org\",\"@graph\":[{\"@type\":\"WebPage\",\"@id\":\"https:\\\/\\\/lagunkoraholkularitza.com\\\/\",\"url\":\"https:\\\/\\\/lagunkoraholkularitza.com\\\/\",\"name\":\"Hasiera - Lagunkor Aholkularitza\",\"isPartOf\":{\"@id\":\"https:\\\/\\\/lagunkoraholkularitza.com\\\/#website\"},\"primaryImageOfPage\":{\"@id\":\"https:\\\/\\\/lagunkoraholkularitza.com\\\/#primaryimage\"},\"image\":{\"@id\":\"https:\\\/\\\/lagunkoraholkularitza.com\\\/#primaryimage\"},\"thumbnailUrl\":\"https:\\\/\\\/lagunkoraholkularitza.com\\\/wp-content\\\/uploads\\\/2025\\\/07\\\/1122.jpg\",\"datePublished\":\"2025-07-22T14:22:16+00:00\",\"dateModified\":\"2025-08-01T08:44:01+00:00\",\"breadcrumb\":{\"@id\":\"https:\\\/\\\/lagunkoraholkularitza.com\\\/#breadcrumb\"},\"inLanguage\":\"es\",\"potentialAction\":[{\"@type\":\"ReadAction\",\"target\":[\"https:\\\/\\\/lagunkoraholkularitza.com\\\/\"]}]},{\"@type\":\"ImageObject\",\"inLanguage\":\"es\",\"@id\":\"https:\\\/\\\/lagunkoraholkularitza.com\\\/#primaryimage\",\"url\":\"https:\\\/\\\/lagunkoraholkularitza.com\\\/wp-content\\\/uploads\\\/2025\\\/07\\\/1122.jpg\",\"contentUrl\":\"https:\\\/\\\/lagunkoraholkularitza.com\\\/wp-content\\\/uploads\\\/2025\\\/07\\\/1122.jpg\"},{\"@type\":\"BreadcrumbList\",\"@id\":\"https:\\\/\\\/lagunkoraholkularitza.com\\\/#breadcrumb\",\"itemListElement\":[{\"@type\":\"ListItem\",\"position\":1,\"name\":\"Portada\",\"item\":\"https:\\\/\\\/lagunkoraholkularitza.com\\\/\"},{\"@type\":\"ListItem\",\"position\":2,\"name\":\"Hasiera\"}]},{\"@type\":\"WebSite\",\"@id\":\"https:\\\/\\\/lagunkoraholkularitza.com\\\/#website\",\"url\":\"https:\\\/\\\/lagunkoraholkularitza.com\\\/\",\"name\":\"Lagunkor Aholkularitza\",\"description\":\"Inmobiliaria - Aholkularitza - Finka Administrazioa\",\"publisher\":{\"@id\":\"https:\\\/\\\/lagunkoraholkularitza.com\\\/#organization\"},\"potentialAction\":[{\"@type\":\"SearchAction\",\"target\":{\"@type\":\"EntryPoint\",\"urlTemplate\":\"https:\\\/\\\/lagunkoraholkularitza.com\\\/?s={search_term_string}\"},\"query-input\":{\"@type\":\"PropertyValueSpecification\",\"valueRequired\":true,\"valueName\":\"search_term_string\"}}],\"inLanguage\":\"es\"},{\"@type\":\"Organization\",\"@id\":\"https:\\\/\\\/lagunkoraholkularitza.com\\\/#organization\",\"name\":\"Lagunkor Aholkularitza\",\"url\":\"https:\\\/\\\/lagunkoraholkularitza.com\\\/\",\"logo\":{\"@type\":\"ImageObject\",\"inLanguage\":\"es\",\"@id\":\"https:\\\/\\\/lagunkoraholkularitza.com\\\/#\\\/schema\\\/logo\\\/image\\\/\",\"url\":\"https:\\\/\\\/lagunkoraholkularitza.com\\\/wp-content\\\/uploads\\\/2025\\\/07\\\/cropped-Diseno-sin-titulo.png\",\"contentUrl\":\"https:\\\/\\\/lagunkoraholkularitza.com\\\/wp-content\\\/uploads\\\/2025\\\/07\\\/cropped-Diseno-sin-titulo.png\",\"width\":480,\"height\":137,\"caption\":\"Lagunkor Aholkularitza\"},\"image\":{\"@id\":\"https:\\\/\\\/lagunkoraholkularitza.com\\\/#\\\/schema\\\/logo\\\/image\\\/\"}}]}<\/script>\n<!-- \/ Yoast SEO plugin. -->","yoast_head_json":{"title":"Hasiera - Lagunkor Aholkularitza","robots":{"index":"index","follow":"follow","max-snippet":"max-snippet:-1","max-image-preview":"max-image-preview:large","max-video-preview":"max-video-preview:-1"},"canonical":"https:\/\/lagunkoraholkularitza.com\/es\/","og_locale":"es_ES","og_type":"article","og_title":"Hasiera - Lagunkor Aholkularitza","og_description":"Inmobiliaria- Aholkularitza- Finka Administrazioa Ikusi Zerbitzuak Guri Buruz Orain dela hogeita hamar urte, Amaia aholkulari gisa lan egiten hasi zen. Denborak aurrera egin ahala, negozioa hedatuz joan zen, higiezinen sektorea eta finken kudeaketa barne hartuz. Gaur egun, bakarka hasi zenetik, hiru zerbitzu hauek eskaintzen dituen talde oso bat osatzera iritsi da. Nahi baduzu estilo informala, [&hellip;]","og_url":"https:\/\/lagunkoraholkularitza.com\/es\/","og_site_name":"Lagunkor Aholkularitza","article_modified_time":"2025-08-01T08:44:01+00:00","og_image":[{"url":"https:\/\/lagunkoraholkularitza.com\/wp-content\/uploads\/2025\/07\/1122.jpg","type":"","width":"","height":""}],"twitter_card":"summary_large_image","twitter_misc":{"Tiempo de lectura":"1 minuto"},"schema":{"@context":"https:\/\/schema.org","@graph":[{"@type":"WebPage","@id":"https:\/\/lagunkoraholkularitza.com\/","url":"https:\/\/lagunkoraholkularitza.com\/","name":"Hasiera - Lagunkor Aholkularitza","isPartOf":{"@id":"https:\/\/lagunkoraholkularitza.com\/#website"},"primaryImageOfPage":{"@id":"https:\/\/lagunkoraholkularitza.com\/#primaryimage"},"image":{"@id":"https:\/\/lagunkoraholkularitza.com\/#primaryimage"},"thumbnailUrl":"https:\/\/lagunkoraholkularitza.com\/wp-content\/uploads\/2025\/07\/1122.jpg","datePublished":"2025-07-22T14:22:16+00:00","dateModified":"2025-08-01T08:44:01+00:00","breadcrumb":{"@id":"https:\/\/lagunkoraholkularitza.com\/#breadcrumb"},"inLanguage":"es","potentialAction":[{"@type":"ReadAction","target":["https:\/\/lagunkoraholkularitza.com\/"]}]},{"@type":"ImageObject","inLanguage":"es","@id":"https:\/\/lagunkoraholkularitza.com\/#primaryimage","url":"https:\/\/lagunkoraholkularitza.com\/wp-content\/uploads\/2025\/07\/1122.jpg","contentUrl":"https:\/\/lagunkoraholkularitza.com\/wp-content\/uploads\/2025\/07\/1122.jpg"},{"@type":"BreadcrumbList","@id":"https:\/\/lagunkoraholkularitza.com\/#breadcrumb","itemListElement":[{"@type":"ListItem","position":1,"name":"Portada","item":"https:\/\/lagunkoraholkularitza.com\/"},{"@type":"ListItem","position":2,"name":"Hasiera"}]},{"@type":"WebSite","@id":"https:\/\/lagunkoraholkularitza.com\/#website","url":"https:\/\/lagunkoraholkularitza.com\/","name":"Lagunkor Aholkularitza","description":"Inmobiliaria - Aholkularitza - Finka Administrazioa","publisher":{"@id":"https:\/\/lagunkoraholkularitza.com\/#organization"},"potentialAction":[{"@type":"SearchAction","target":{"@type":"EntryPoint","urlTemplate":"https:\/\/lagunkoraholkularitza.com\/?s={search_term_string}"},"query-input":{"@type":"PropertyValueSpecification","valueRequired":true,"valueName":"search_term_string"}}],"inLanguage":"es"},{"@type":"Organization","@id":"https:\/\/lagunkoraholkularitza.com\/#organization","name":"Lagunkor Aholkularitza","url":"https:\/\/lagunkoraholkularitza.com\/","logo":{"@type":"ImageObject","inLanguage":"es","@id":"https:\/\/lagunkoraholkularitza.com\/#\/schema\/logo\/image\/","url":"https:\/\/lagunkoraholkularitza.com\/wp-content\/uploads\/2025\/07\/cropped-Diseno-sin-titulo.png","contentUrl":"https:\/\/lagunkoraholkularitza.com\/wp-content\/uploads\/2025\/07\/cropped-Diseno-sin-titulo.png","width":480,"height":137,"caption":"Lagunkor Aholkularitza"},"image":{"@id":"https:\/\/lagunkoraholkularitza.com\/#\/schema\/logo\/image\/"}}]}},"_links":{"self":[{"href":"https:\/\/lagunkoraholkularitza.com\/es\/wp-json\/wp\/v2\/pages\/2","targetHints":{"allow":["GET"]}}],"collection":[{"href":"https:\/\/lagunkoraholkularitza.com\/es\/wp-json\/wp\/v2\/pages"}],"about":[{"href":"https:\/\/lagunkoraholkularitza.com\/es\/wp-json\/wp\/v2\/types\/page"}],"author":[{"embeddable":true,"href":"https:\/\/lagunkoraholkularitza.com\/es\/wp-json\/wp\/v2\/users\/1"}],"replies":[{"embeddable":true,"href":"https:\/\/lagunkoraholkularitza.com\/es\/wp-json\/wp\/v2\/comments?post=2"}],"version-history":[{"count":111,"href":"https:\/\/lagunkoraholkularitza.com\/es\/wp-json\/wp\/v2\/pages\/2\/revisions"}],"predecessor-version":[{"id":400,"href":"https:\/\/lagunkoraholkularitza.com\/es\/wp-json\/wp\/v2\/pages\/2\/revisions\/400"}],"wp:attachment":[{"href":"https:\/\/lagunkoraholkularitza.com\/es\/wp-json\/wp\/v2\/media?parent=2"}],"curies":[{"name":"wp","href":"https:\/\/api.w.org\/{rel}","templated":true}]}}